{"id":11137,"date":"2022-07-31T09:01:55","date_gmt":"2022-07-31T09:01:55","guid":{"rendered":"https:\/\/iesjuandemairena.org\/?page_id=11137"},"modified":"2022-07-31T09:03:02","modified_gmt":"2022-07-31T09:03:02","slug":"nuestro-centro","status":"publish","type":"page","link":"https:\/\/iesjuandemairena.org\/index.php\/nuestro-centro\/","title":{"rendered":"Nuestro centro"},"content":{"rendered":"\n<p>El IES Juan de Mairena es un instituto de Ense\u00f1anza Secundaria Obligatoria situado en la localidad de Mairena del Aljarafe, a pocos metros de la parada de Ciudad Expo.<\/p>\n<h4><span style=\"text-decoration: underline;\">Algo de historia<\/span><\/h4>\n<p>En septiembre de 1988\u00a0 se crea el primer centro de Ense\u00f1anza Media de la localidad. En octubre de 1990, y con miras a acoger a lo hijos e hijas de los trabajadores de la Exposici\u00f3n Universal del 92, el \u00abJuande\u00bb se muda a su actual ubicaci\u00f3n . Desde entonces hasta ahora ha sufrido muchas reformas y ampliaciones, la \u00faltima en el a\u00f1o 2022 con la construcci\u00f3n del nuevo gimnasio.<\/p>\n","protected":false},"excerpt":{"rendered":"<p>El IES Juan de Mairena es un instituto de Ense\u00f1anza Secundaria Obligatoria situado en la localidad de Mairena del Aljarafe, a pocos metros de la parada de Ciudad Expo. Algo de historia En septiembre de 1988\u00a0 se crea el primer centro de Ense\u00f1anza Media de la localidad. En octubre de 1990, y con miras a [&hellip;]<\/p>\n","protected":false},"author":8,"featured_media":0,"parent":0,"menu_order":0,"comment_status":"closed","ping_status":"closed","template":"","meta":[],"yoast_head":"<!-- This site is optimized with the Yoast SEO plugin v15.5 - https:\/\/yoast.com\/wordpress\/plugins\/seo\/ -->\n<title>Nuestro centro - IES Juan de Mairena<\/title>\n<meta name=\"robots\" content=\"index, follow, max-snippet:-1, max-image-preview:large, max-video-preview:-1\" \/>\n<link rel=\"canonical\" href=\"https:\/\/iesjuandemairena.org\/index.php\/nuestro-centro\/\" \/>\n<meta property=\"og:locale\" content=\"es_ES\" \/>\n<meta property=\"og:type\" content=\"article\" \/>\n<meta property=\"og:title\" content=\"Nuestro centro - IES Juan de Mairena\" \/>\n<meta property=\"og:description\" content=\"El IES Juan de Mairena es un instituto de Ense\u00f1anza Secundaria Obligatoria situado en la localidad de Mairena del Aljarafe, a pocos metros de la parada de Ciudad Expo. Algo de historia En septiembre de 1988\u00a0 se crea el primer centro de Ense\u00f1anza Media de la localidad. En octubre de 1990, y con miras a [&hellip;]\" \/>\n<meta property=\"og:url\" content=\"https:\/\/iesjuandemairena.org\/index.php\/nuestro-centro\/\" \/>\n<meta property=\"og:site_name\" content=\"IES Juan de Mairena\" \/>\n<meta property=\"article:modified_time\" content=\"2022-07-31T09:03:02+00:00\" \/>\n<meta name=\"twitter:card\" content=\"summary_large_image\" \/>\n<meta name=\"twitter:label1\" content=\"Tiempo de lectura\">\n\t<meta name=\"twitter:data1\" content=\"0 minutos\">\n<script type=\"application\/ld+json\" class=\"yoast-schema-graph\">{\"@context\":\"https:\/\/schema.org\",\"@graph\":[{\"@type\":\"WebSite\",\"@id\":\"https:\/\/iesjuandemairena.org\/#website\",\"url\":\"https:\/\/iesjuandemairena.org\/\",\"name\":\"IES Juan de Mairena\",\"description\":\"Mairena del Aljarafe (Sevilla)\",\"potentialAction\":[{\"@type\":\"SearchAction\",\"target\":\"https:\/\/iesjuandemairena.org\/?s={search_term_string}\",\"query-input\":\"required name=search_term_string\"}],\"inLanguage\":\"es\"},{\"@type\":\"WebPage\",\"@id\":\"https:\/\/iesjuandemairena.org\/index.php\/nuestro-centro\/#webpage\",\"url\":\"https:\/\/iesjuandemairena.org\/index.php\/nuestro-centro\/\",\"name\":\"Nuestro centro - IES Juan de Mairena\",\"isPartOf\":{\"@id\":\"https:\/\/iesjuandemairena.org\/#website\"},\"datePublished\":\"2022-07-31T09:01:55+00:00\",\"dateModified\":\"2022-07-31T09:03:02+00:00\",\"inLanguage\":\"es\",\"potentialAction\":[{\"@type\":\"ReadAction\",\"target\":[\"https:\/\/iesjuandemairena.org\/index.php\/nuestro-centro\/\"]}]}]}<\/script>\n<!-- \/ Yoast SEO plugin. -->","_links":{"self":[{"href":"https:\/\/iesjuandemairena.org\/index.php\/wp-json\/wp\/v2\/pages\/11137"}],"collection":[{"href":"https:\/\/iesjuandemairena.org\/index.php\/wp-json\/wp\/v2\/pages"}],"about":[{"href":"https:\/\/iesjuandemairena.org\/index.php\/wp-json\/wp\/v2\/types\/page"}],"author":[{"embeddable":true,"href":"https:\/\/iesjuandemairena.org\/index.php\/wp-json\/wp\/v2\/users\/8"}],"replies":[{"embeddable":true,"href":"https:\/\/iesjuandemairena.org\/index.php\/wp-json\/wp\/v2\/comments?post=11137"}],"version-history":[{"count":2,"href":"https:\/\/iesjuandemairena.org\/index.php\/wp-json\/wp\/v2\/pages\/11137\/revisions"}],"predecessor-version":[{"id":11141,"href":"https:\/\/iesjuandemairena.org\/index.php\/wp-json\/wp\/v2\/pages\/11137\/revisions\/11141"}],"wp:attachment":[{"href":"https:\/\/iesjuandemairena.org\/index.php\/wp-json\/wp\/v2\/media?parent=11137"}],"curies":[{"name":"wp","href":"https:\/\/api.w.org\/{rel}","templated":true}]}}