{"id":11145,"date":"2022-07-31T09:09:15","date_gmt":"2022-07-31T09:09:15","guid":{"rendered":"https:\/\/iesjuandemairena.org\/?page_id=11145"},"modified":"2022-07-31T09:35:43","modified_gmt":"2022-07-31T09:35:43","slug":"instalaciones","status":"publish","type":"page","link":"https:\/\/iesjuandemairena.org\/index.php\/instalaciones\/","title":{"rendered":"Instalaciones"},"content":{"rendered":"\n<p>El edificio actual del IES Juan de Mairena se construy\u00f3 en el a\u00f1o 1989 y ha experimentado algunas ampliaciones con posterioridad, siendo la \u00faltima realizada en el 2022, con la construcci\u00f3n del<a href=\"https:\/\/www.europapress.es\/esandalucia\/sevilla\/noticia-junta-invierte-400000-euros-construccion-gimnasio-ies-juan-mairena-sevilla-20210806152038.html\"> nuevo gimnasio<\/a>.<\/p>\n<p>\u00a0Tiene una parte central y dos edificios anexos en cada uno de los lados, como consecuencia de ampliaci\u00f3n de grupos. Es un Centro \u201cbioclim\u00e1tico\u201d que consta de seis niveles en los que se distribuyen 35 aulas y los distintos departamentos, biblioteca, laboratorios, despachos, zona administrativa, aula de Apoyo a la Integraci\u00f3n, aula de M\u00fasica, talleres de Tecnolog\u00eda y aulas TIC, adem\u00e1s de una cafeter\u00eda.<\/p>\n<p>Tambi\u00e9n contamos con una Sala de Usos M\u00faltiples (SUM), lugar de trabajo y de celebraciones de<br \/>acontecimientos.<\/p>\n<p>En el exterior del edificio, adem\u00e1s del nuevo gimnasio, contamos con dos pistas deportivas, un patio trasero y otro lateral.<\/p>\n<p>Tenemos 2 aulas TIC, una biblioteca que se ampli\u00f3 cuando se hicieron los edificios anexos. En la totalidad de las aulas hay\u00a0pizarra digital y\/o ca\u00f1\u00f3n y pantalla.<\/p>\n<p>El IES Juan de Mairena ha sido pionero en la implantaci\u00f3n de las TIC en Andaluc\u00eda y ha sido un referente innovador en la Consejer\u00eda de Educaci\u00f3n, participando en numerosos proyectos de creaci\u00f3n de materiales digitales y experimentando nuevas metodolog\u00edas, ya que siempre ha sido un centro muy ligado a la formaci\u00f3n y a la mejora de las pr\u00e1cticas educativas.<\/p>\n<p>Otras de las estancias son la sala de profesores,\u00a0la secretar\u00eda y los despachos del equipo directivo y orientadora.<br \/>Adem\u00e1s, existen otras dos salas, una de ellas la comparten Actividades Extraescolares y la AMPA y la otra, la<br \/>sala de reuniones, donde se re\u00fanen el equipo directivo, coordinaci\u00f3n biling\u00fce, la orientadora con los<br \/>tutores y a veces tambi\u00e9n la utilizan los tutores para recibir a padres y madres.<\/p>\n<p>El centro es muy luminoso, ya que las aulas se encuentran en los laterales, dejando el centro libre,<br \/>donde en la planta baja tenemos nuestros peque\u00f1os jardines de interior. Tambi\u00e9n tenemos en esta<br \/>planta baja, espacios que utilizamos para montar nuestras exposiciones (d\u00eda de la mujer, fotograf\u00eda y<br \/>matem\u00e1ticas, d\u00eda de la Filosof\u00eda, etc.)<\/p>\n","protected":false},"excerpt":{"rendered":"<p>El edificio actual del IES Juan de Mairena se construy\u00f3 en el a\u00f1o 1989 y ha experimentado algunas ampliaciones con posterioridad, siendo la \u00faltima realizada en el 2022, con la construcci\u00f3n del nuevo gimnasio. \u00a0Tiene una parte central y dos edificios anexos en cada uno de los lados, como consecuencia de ampliaci\u00f3n de grupos. Es [&hellip;]<\/p>\n","protected":false},"author":8,"featured_media":0,"parent":0,"menu_order":0,"comment_status":"closed","ping_status":"closed","template":"","meta":[],"yoast_head":"<!-- This site is optimized with the Yoast SEO plugin v15.5 - https:\/\/yoast.com\/wordpress\/plugins\/seo\/ -->\n<title>Instalaciones - IES Juan de Mairena<\/title>\n<meta name=\"robots\" content=\"index, follow, max-snippet:-1, max-image-preview:large, max-video-preview:-1\" \/>\n<link rel=\"canonical\" href=\"https:\/\/iesjuandemairena.org\/index.php\/instalaciones\/\" \/>\n<meta property=\"og:locale\" content=\"es_ES\" \/>\n<meta property=\"og:type\" content=\"article\" \/>\n<meta property=\"og:title\" content=\"Instalaciones - IES Juan de Mairena\" \/>\n<meta property=\"og:description\" content=\"El edificio actual del IES Juan de Mairena se construy\u00f3 en el a\u00f1o 1989 y ha experimentado algunas ampliaciones con posterioridad, siendo la \u00faltima realizada en el 2022, con la construcci\u00f3n del nuevo gimnasio. \u00a0Tiene una parte central y dos edificios anexos en cada uno de los lados, como consecuencia de ampliaci\u00f3n de grupos. Es [&hellip;]\" \/>\n<meta property=\"og:url\" content=\"https:\/\/iesjuandemairena.org\/index.php\/instalaciones\/\" \/>\n<meta property=\"og:site_name\" content=\"IES Juan de Mairena\" \/>\n<meta property=\"article:modified_time\" content=\"2022-07-31T09:35:43+00:00\" \/>\n<meta name=\"twitter:card\" content=\"summary_large_image\" \/>\n<meta name=\"twitter:label1\" content=\"Tiempo de lectura\">\n\t<meta name=\"twitter:data1\" content=\"1 minuto\">\n<script type=\"application\/ld+json\" class=\"yoast-schema-graph\">{\"@context\":\"https:\/\/schema.org\",\"@graph\":[{\"@type\":\"WebSite\",\"@id\":\"https:\/\/iesjuandemairena.org\/#website\",\"url\":\"https:\/\/iesjuandemairena.org\/\",\"name\":\"IES Juan de Mairena\",\"description\":\"Mairena del Aljarafe (Sevilla)\",\"potentialAction\":[{\"@type\":\"SearchAction\",\"target\":\"https:\/\/iesjuandemairena.org\/?s={search_term_string}\",\"query-input\":\"required name=search_term_string\"}],\"inLanguage\":\"es\"},{\"@type\":\"WebPage\",\"@id\":\"https:\/\/iesjuandemairena.org\/index.php\/instalaciones\/#webpage\",\"url\":\"https:\/\/iesjuandemairena.org\/index.php\/instalaciones\/\",\"name\":\"Instalaciones - IES Juan de Mairena\",\"isPartOf\":{\"@id\":\"https:\/\/iesjuandemairena.org\/#website\"},\"datePublished\":\"2022-07-31T09:09:15+00:00\",\"dateModified\":\"2022-07-31T09:35:43+00:00\",\"inLanguage\":\"es\",\"potentialAction\":[{\"@type\":\"ReadAction\",\"target\":[\"https:\/\/iesjuandemairena.org\/index.php\/instalaciones\/\"]}]}]}<\/script>\n<!-- \/ Yoast SEO plugin. -->","_links":{"self":[{"href":"https:\/\/iesjuandemairena.org\/index.php\/wp-json\/wp\/v2\/pages\/11145"}],"collection":[{"href":"https:\/\/iesjuandemairena.org\/index.php\/wp-json\/wp\/v2\/pages"}],"about":[{"href":"https:\/\/iesjuandemairena.org\/index.php\/wp-json\/wp\/v2\/types\/page"}],"author":[{"embeddable":true,"href":"https:\/\/iesjuandemairena.org\/index.php\/wp-json\/wp\/v2\/users\/8"}],"replies":[{"embeddable":true,"href":"https:\/\/iesjuandemairena.org\/index.php\/wp-json\/wp\/v2\/comments?post=11145"}],"version-history":[{"count":2,"href":"https:\/\/iesjuandemairena.org\/index.php\/wp-json\/wp\/v2\/pages\/11145\/revisions"}],"predecessor-version":[{"id":11174,"href":"https:\/\/iesjuandemairena.org\/index.php\/wp-json\/wp\/v2\/pages\/11145\/revisions\/11174"}],"wp:attachment":[{"href":"https:\/\/iesjuandemairena.org\/index.php\/wp-json\/wp\/v2\/media?parent=11145"}],"curies":[{"name":"wp","href":"https:\/\/api.w.org\/{rel}","templated":true}]}}