{"id":11641,"date":"2023-02-06T11:02:53","date_gmt":"2023-02-06T11:02:53","guid":{"rendered":"https:\/\/iesjuandemairena.org\/?page_id=11641"},"modified":"2025-11-18T16:20:02","modified_gmt":"2025-11-18T16:20:02","slug":"departamento-de-ingles","status":"publish","type":"page","link":"https:\/\/iesjuandemairena.org\/index.php\/departamento-de-ingles\/","title":{"rendered":"Departamento de Ingl\u00e9s"},"content":{"rendered":"\n<p><a href=\"https:\/\/iesjuandemairena.org\/wp-content\/uploads\/2025\/11\/Programacio\u0301n-Ingle\u0301s-ESO-1.pdf\">Programaci\u00f3n Ingl\u00e9s ESO<\/a><\/p>\n<p><a href=\"https:\/\/iesjuandemairena.org\/wp-content\/uploads\/2025\/11\/Programacio\u0301n-Ingle\u0301s-Bachillerato.pdf\">Programaci\u00f3n Ingl\u00e9s Bachillerato<\/a><\/p>\n<p><a href=\"https:\/\/iesjuandemairena.org\/wp-content\/uploads\/2025\/11\/Prog.-A\u0301mbito-Socio-lingu\u0308i\u0301stico-3o-y-4o.pdf\">Programaci\u00f3n ASL 3\u00ba y 4\u00ba ESO<\/a><\/p>\n<p><a href=\"https:\/\/iesjuandemairena.org\/wp-content\/uploads\/2025\/11\/Programacio\u0301n-Ingle\u0301s-Profesional-2025-26.docx.pdf\">Programaci\u00f3n Ingl\u00e9s profesional<\/a><\/p>\n<p>\u00a0<\/p>\n<p>\u00a0<\/p>\n","protected":false},"excerpt":{"rendered":"<p>Programaci\u00f3n Ingl\u00e9s ESO Programaci\u00f3n Ingl\u00e9s Bachillerato Programaci\u00f3n ASL 3\u00ba y 4\u00ba ESO Programaci\u00f3n Ingl\u00e9s profesional \u00a0 \u00a0<\/p>\n","protected":false},"author":8,"featured_media":0,"parent":0,"menu_order":0,"comment_status":"closed","ping_status":"closed","template":"","meta":[],"yoast_head":"<!-- This site is optimized with the Yoast SEO plugin v15.5 - https:\/\/yoast.com\/wordpress\/plugins\/seo\/ -->\n<title>Departamento de Ingl\u00e9s - IES Juan de Mairena<\/title>\n<meta name=\"robots\" content=\"index, follow, max-snippet:-1, max-image-preview:large, max-video-preview:-1\" \/>\n<link rel=\"canonical\" href=\"https:\/\/iesjuandemairena.org\/index.php\/departamento-de-ingles\/\" \/>\n<meta property=\"og:locale\" content=\"es_ES\" \/>\n<meta property=\"og:type\" content=\"article\" \/>\n<meta property=\"og:title\" content=\"Departamento de Ingl\u00e9s - IES Juan de Mairena\" \/>\n<meta property=\"og:description\" content=\"Programaci\u00f3n Ingl\u00e9s ESO Programaci\u00f3n Ingl\u00e9s Bachillerato Programaci\u00f3n ASL 3\u00ba y 4\u00ba ESO Programaci\u00f3n Ingl\u00e9s profesional \u00a0 \u00a0\" \/>\n<meta property=\"og:url\" content=\"https:\/\/iesjuandemairena.org\/index.php\/departamento-de-ingles\/\" \/>\n<meta property=\"og:site_name\" content=\"IES Juan de Mairena\" \/>\n<meta property=\"article:modified_time\" content=\"2025-11-18T16:20:02+00:00\" \/>\n<meta name=\"twitter:card\" content=\"summary_large_image\" \/>\n<meta name=\"twitter:label1\" content=\"Tiempo de lectura\">\n\t<meta name=\"twitter:data1\" content=\"0 minutos\">\n<script type=\"application\/ld+json\" class=\"yoast-schema-graph\">{\"@context\":\"https:\/\/schema.org\",\"@graph\":[{\"@type\":\"WebSite\",\"@id\":\"https:\/\/iesjuandemairena.org\/#website\",\"url\":\"https:\/\/iesjuandemairena.org\/\",\"name\":\"IES Juan de Mairena\",\"description\":\"Mairena del Aljarafe (Sevilla)\",\"potentialAction\":[{\"@type\":\"SearchAction\",\"target\":\"https:\/\/iesjuandemairena.org\/?s={search_term_string}\",\"query-input\":\"required name=search_term_string\"}],\"inLanguage\":\"es\"},{\"@type\":\"WebPage\",\"@id\":\"https:\/\/iesjuandemairena.org\/index.php\/departamento-de-ingles\/#webpage\",\"url\":\"https:\/\/iesjuandemairena.org\/index.php\/departamento-de-ingles\/\",\"name\":\"Departamento de Ingl\\u00e9s - IES Juan de Mairena\",\"isPartOf\":{\"@id\":\"https:\/\/iesjuandemairena.org\/#website\"},\"datePublished\":\"2023-02-06T11:02:53+00:00\",\"dateModified\":\"2025-11-18T16:20:02+00:00\",\"inLanguage\":\"es\",\"potentialAction\":[{\"@type\":\"ReadAction\",\"target\":[\"https:\/\/iesjuandemairena.org\/index.php\/departamento-de-ingles\/\"]}]}]}<\/script>\n<!-- \/ Yoast SEO plugin. -->","_links":{"self":[{"href":"https:\/\/iesjuandemairena.org\/index.php\/wp-json\/wp\/v2\/pages\/11641"}],"collection":[{"href":"https:\/\/iesjuandemairena.org\/index.php\/wp-json\/wp\/v2\/pages"}],"about":[{"href":"https:\/\/iesjuandemairena.org\/index.php\/wp-json\/wp\/v2\/types\/page"}],"author":[{"embeddable":true,"href":"https:\/\/iesjuandemairena.org\/index.php\/wp-json\/wp\/v2\/users\/8"}],"replies":[{"embeddable":true,"href":"https:\/\/iesjuandemairena.org\/index.php\/wp-json\/wp\/v2\/comments?post=11641"}],"version-history":[{"count":5,"href":"https:\/\/iesjuandemairena.org\/index.php\/wp-json\/wp\/v2\/pages\/11641\/revisions"}],"predecessor-version":[{"id":12992,"href":"https:\/\/iesjuandemairena.org\/index.php\/wp-json\/wp\/v2\/pages\/11641\/revisions\/12992"}],"wp:attachment":[{"href":"https:\/\/iesjuandemairena.org\/index.php\/wp-json\/wp\/v2\/media?parent=11641"}],"curies":[{"name":"wp","href":"https:\/\/api.w.org\/{rel}","templated":true}]}}