{"id":11643,"date":"2023-02-06T11:02:53","date_gmt":"2023-02-06T11:02:53","guid":{"rendered":"https:\/\/iesjuandemairena.org\/?page_id=11643"},"modified":"2025-12-03T12:53:13","modified_gmt":"2025-12-03T12:53:13","slug":"departamento-de-informatica","status":"publish","type":"page","link":"https:\/\/iesjuandemairena.org\/index.php\/departamento-de-informatica\/","title":{"rendered":"Departamento de Inform\u00e1tica"},"content":{"rendered":"\n<p><a href=\"https:\/\/iesjuandemairena.org\/wp-content\/uploads\/2025\/11\/1o-ESO-Programacion-Computacion-y-Robotica-2025-2026.pdf\">Programaci\u00f3n 1\u00ba ESO Computaci\u00f3n y Rob\u00f3tica<\/a><\/p>\n<p><a href=\"https:\/\/iesjuandemairena.org\/wp-content\/uploads\/2025\/11\/3o-ESO-Programacion-Computacion-y-Robotica-2025-2026.pdf\">Programaci\u00f3n 3\u00ba ESO Computaci\u00f3n y Rob\u00f3tica<\/a><\/p>\n<p><a href=\"https:\/\/iesjuandemairena.org\/wp-content\/uploads\/2025\/11\/4o-ESO-Programacion-Computacion-y-Robotica-2025-2026.pdf\">Programaci\u00f3n 4\u00ba ESO Computaci\u00f3n y Rob\u00f3tica<\/a><\/p>\n<p><a href=\"https:\/\/iesjuandemairena.org\/wp-content\/uploads\/2025\/11\/4o-ESO-Digitalizacion-2025-2026.pdf\">Programaci\u00f3n 4\u00ba ESO Digitalizaci\u00f3n<\/a><\/p>\n<p>Programaci\u00f3n 1\u00ba Bachillerato TIC (CYT)<\/p>\n<p><a href=\"https:\/\/iesjuandemairena.org\/wp-content\/uploads\/2025\/12\/1o-BACH-Humanidades-y-Ciencias-Sociales-Tecnologias-de-la-Informacion-y-la.pdf\">Programaci\u00f3n 1\u00ba Bachillerato TIC (CCSS)<\/a><\/p>\n<p><a href=\"https:\/\/iesjuandemairena.org\/wp-content\/uploads\/2025\/11\/2o-BACH-Programacion-TIC-II.pdf\">Programaci\u00f3n 2\u00ba Bachillerato TIC<\/a><\/p>\n<p><a href=\"https:\/\/iesjuandemairena.org\/wp-content\/uploads\/2025\/11\/4o-ESO-Programacion-de-Atencion-Educativa.pdf\">Programaci\u00f3n Atenci\u00f3n Educativa 4\u00ba ESO<\/a><\/p>\n<p><a href=\"https:\/\/iesjuandemairena.org\/wp-content\/uploads\/2025\/12\/CICLO_Programacion-Didactica-Departamento-de-Informatica-2025-2026.pdf\">Aspectos generales SMR<\/a><\/p>\n<p><a href=\"https:\/\/iesjuandemairena.org\/wp-content\/uploads\/2025\/11\/1o-SMR-Programacion-Digitalizacion-2025-2026.pdf\">Programaci\u00f3n 1\u00ba SMR Digitalizaci\u00f3n<\/a><\/p>\n<p><a href=\"https:\/\/iesjuandemairena.org\/wp-content\/uploads\/2025\/11\/1o-SMR-Programacion-MOMAE-2025-2026.pdf\">Programaci\u00f3n 1\u00ba SMR Momae<\/a><\/p>\n<p><a href=\"https:\/\/iesjuandemairena.org\/wp-content\/uploads\/2025\/11\/1o-SMR-Programacion-Sistemas-Operativos-Monopuesto-2025-2026.pdf\">Programaci\u00f3n 1\u00ba SMR Sistemas Operativos Monopuesto<\/a><\/p>\n<p><a href=\"https:\/\/iesjuandemairena.org\/wp-content\/uploads\/2025\/11\/1o-SMR-Redes-Locales-2025-26.pdf\">Programaci\u00f3n 1\u00ba SMR Redes Locales<\/a><\/p>\n<p><a href=\"https:\/\/iesjuandemairena.org\/wp-content\/uploads\/2025\/11\/1o-SMR-Programacion-Aplicaciones-Ofimaticas-2025-2026.pdf\">Programaci\u00f3n 1\u00ba SMR Aplicaciones Ofim\u00e1ticas<\/a><\/p>\n<p><a href=\"https:\/\/iesjuandemairena.org\/wp-content\/uploads\/2025\/11\/2o-SMR-Programacion-Formacion-en-Centros-de-Trabajo-2025-2026.pdf\">Programaci\u00f3n 2\u00ba SMR Formaci\u00f3n en Centros de Trabajo<\/a><\/p>\n<p><a href=\"https:\/\/iesjuandemairena.org\/wp-content\/uploads\/2025\/11\/2o-SMR-Programacion-Sistemas-Operativos-en-Red-2025-2026.pdf\">Programaci\u00f3n 2\u00ba SMR Sistemas Operativos en red<\/a><\/p>\n<p><a href=\"https:\/\/iesjuandemairena.org\/wp-content\/uploads\/2025\/11\/2o-SMR-Programacion-Aplicaciones-Web-2025-2026.pdf\">Programaci\u00f3n 2\u00ba SMR Aplicaciones Web<\/a><\/p>\n<p><a href=\"https:\/\/iesjuandemairena.org\/wp-content\/uploads\/2025\/11\/2o-SMR-Programacion-Seguridad-Informatica-2025-2026.pdf\">Programaci\u00f3n 2\u00ba SMR Seguridad Inform\u00e1tica<\/a><\/p>\n<p><a href=\"https:\/\/iesjuandemairena.org\/wp-content\/uploads\/2025\/11\/2o-SMR-Programacion-Servicios-en-Red-2025-26.pdf\">Programaci\u00f3n 2\u00ba SMR Servicios en Red<\/a><\/p>\n<p><a href=\"https:\/\/iesjuandemairena.org\/wp-content\/uploads\/2025\/11\/2o-SMR-Programacion-Optativa-2025-26.pdf\">Programaci\u00f3n 2\u00ba SMR Optativa<\/a><\/p>\n<p><a href=\"https:\/\/iesjuandemairena.org\/wp-content\/uploads\/2025\/11\/2o-SMR-PD_PROYECTO_INTERMODULAR-2025_2026.pdf\">Programaci\u00f3n 2\u00ba SMR Proyecto Intermodular<\/a><\/p>\n<p><a href=\"https:\/\/iesjuandemairena.org\/wp-content\/uploads\/2025\/11\/1o-EASD-Programacion-Digitalizacion-2025-2026.pdf\">Programaci\u00f3n 1\u00ba TSEAS Digitalizaci\u00f3n<\/a><\/p>\n","protected":false},"excerpt":{"rendered":"<p>Programaci\u00f3n 1\u00ba ESO Computaci\u00f3n y Rob\u00f3tica Programaci\u00f3n 3\u00ba ESO Computaci\u00f3n y Rob\u00f3tica Programaci\u00f3n 4\u00ba ESO Computaci\u00f3n y Rob\u00f3tica Programaci\u00f3n 4\u00ba ESO Digitalizaci\u00f3n Programaci\u00f3n 1\u00ba Bachillerato TIC (CYT) Programaci\u00f3n 1\u00ba Bachillerato TIC (CCSS) Programaci\u00f3n 2\u00ba Bachillerato TIC Programaci\u00f3n Atenci\u00f3n Educativa 4\u00ba ESO Aspectos generales SMR Programaci\u00f3n 1\u00ba SMR Digitalizaci\u00f3n Programaci\u00f3n 1\u00ba SMR Momae Programaci\u00f3n 1\u00ba SMR [&hellip;]<\/p>\n","protected":false},"author":8,"featured_media":0,"parent":0,"menu_order":0,"comment_status":"closed","ping_status":"closed","template":"","meta":[],"yoast_head":"<!-- This site is optimized with the Yoast SEO plugin v15.5 - https:\/\/yoast.com\/wordpress\/plugins\/seo\/ -->\n<title>Departamento de Inform\u00e1tica - IES Juan de Mairena<\/title>\n<meta name=\"robots\" content=\"index, follow, max-snippet:-1, max-image-preview:large, max-video-preview:-1\" \/>\n<link rel=\"canonical\" href=\"https:\/\/iesjuandemairena.org\/index.php\/departamento-de-informatica\/\" \/>\n<meta property=\"og:locale\" content=\"es_ES\" \/>\n<meta property=\"og:type\" content=\"article\" \/>\n<meta property=\"og:title\" content=\"Departamento de Inform\u00e1tica - IES Juan de Mairena\" \/>\n<meta property=\"og:description\" content=\"Programaci\u00f3n 1\u00ba ESO Computaci\u00f3n y Rob\u00f3tica Programaci\u00f3n 3\u00ba ESO Computaci\u00f3n y Rob\u00f3tica Programaci\u00f3n 4\u00ba ESO Computaci\u00f3n y Rob\u00f3tica Programaci\u00f3n 4\u00ba ESO Digitalizaci\u00f3n Programaci\u00f3n 1\u00ba Bachillerato TIC (CYT) Programaci\u00f3n 1\u00ba Bachillerato TIC (CCSS) Programaci\u00f3n 2\u00ba Bachillerato TIC Programaci\u00f3n Atenci\u00f3n Educativa 4\u00ba ESO Aspectos generales SMR Programaci\u00f3n 1\u00ba SMR Digitalizaci\u00f3n Programaci\u00f3n 1\u00ba SMR Momae Programaci\u00f3n 1\u00ba SMR [&hellip;]\" \/>\n<meta property=\"og:url\" content=\"https:\/\/iesjuandemairena.org\/index.php\/departamento-de-informatica\/\" \/>\n<meta property=\"og:site_name\" content=\"IES Juan de Mairena\" \/>\n<meta property=\"article:modified_time\" content=\"2025-12-03T12:53:13+00:00\" \/>\n<meta name=\"twitter:card\" content=\"summary_large_image\" \/>\n<meta name=\"twitter:label1\" content=\"Tiempo de lectura\">\n\t<meta name=\"twitter:data1\" content=\"1 minuto\">\n<script type=\"application\/ld+json\" class=\"yoast-schema-graph\">{\"@context\":\"https:\/\/schema.org\",\"@graph\":[{\"@type\":\"WebSite\",\"@id\":\"https:\/\/iesjuandemairena.org\/#website\",\"url\":\"https:\/\/iesjuandemairena.org\/\",\"name\":\"IES Juan de Mairena\",\"description\":\"Mairena del Aljarafe (Sevilla)\",\"potentialAction\":[{\"@type\":\"SearchAction\",\"target\":\"https:\/\/iesjuandemairena.org\/?s={search_term_string}\",\"query-input\":\"required name=search_term_string\"}],\"inLanguage\":\"es\"},{\"@type\":\"WebPage\",\"@id\":\"https:\/\/iesjuandemairena.org\/index.php\/departamento-de-informatica\/#webpage\",\"url\":\"https:\/\/iesjuandemairena.org\/index.php\/departamento-de-informatica\/\",\"name\":\"Departamento de Inform\\u00e1tica - IES Juan de Mairena\",\"isPartOf\":{\"@id\":\"https:\/\/iesjuandemairena.org\/#website\"},\"datePublished\":\"2023-02-06T11:02:53+00:00\",\"dateModified\":\"2025-12-03T12:53:13+00:00\",\"inLanguage\":\"es\",\"potentialAction\":[{\"@type\":\"ReadAction\",\"target\":[\"https:\/\/iesjuandemairena.org\/index.php\/departamento-de-informatica\/\"]}]}]}<\/script>\n<!-- \/ Yoast SEO plugin. -->","_links":{"self":[{"href":"https:\/\/iesjuandemairena.org\/index.php\/wp-json\/wp\/v2\/pages\/11643"}],"collection":[{"href":"https:\/\/iesjuandemairena.org\/index.php\/wp-json\/wp\/v2\/pages"}],"about":[{"href":"https:\/\/iesjuandemairena.org\/index.php\/wp-json\/wp\/v2\/types\/page"}],"author":[{"embeddable":true,"href":"https:\/\/iesjuandemairena.org\/index.php\/wp-json\/wp\/v2\/users\/8"}],"replies":[{"embeddable":true,"href":"https:\/\/iesjuandemairena.org\/index.php\/wp-json\/wp\/v2\/comments?post=11643"}],"version-history":[{"count":10,"href":"https:\/\/iesjuandemairena.org\/index.php\/wp-json\/wp\/v2\/pages\/11643\/revisions"}],"predecessor-version":[{"id":13065,"href":"https:\/\/iesjuandemairena.org\/index.php\/wp-json\/wp\/v2\/pages\/11643\/revisions\/13065"}],"wp:attachment":[{"href":"https:\/\/iesjuandemairena.org\/index.php\/wp-json\/wp\/v2\/media?parent=11643"}],"curies":[{"name":"wp","href":"https:\/\/api.w.org\/{rel}","templated":true}]}}