{"id":11645,"date":"2023-02-06T11:02:53","date_gmt":"2023-02-06T11:02:53","guid":{"rendered":"https:\/\/iesjuandemairena.org\/?page_id=11645"},"modified":"2025-12-03T12:56:00","modified_gmt":"2025-12-03T12:56:00","slug":"departamento-de-educacion-fisica","status":"publish","type":"page","link":"https:\/\/iesjuandemairena.org\/index.php\/departamento-de-educacion-fisica\/","title":{"rendered":"Departamento de Educaci\u00f3n F\u00edsica"},"content":{"rendered":"\n<p><a href=\"https:\/\/iesjuandemairena.org\/wp-content\/uploads\/2025\/11\/PROGRAMACION-EF-ESO.pdf\">Programaci\u00f3n EF ESO<\/a><\/p>\n<p><a href=\"https:\/\/iesjuandemairena.org\/wp-content\/uploads\/2025\/11\/PROGRAMACION-EF-1o-BACH.pdf\">Programaci\u00f3n EF 1\u00ba BACHILLERATO<\/a><\/p>\n<p><a href=\"https:\/\/iesjuandemairena.org\/wp-content\/uploads\/2025\/11\/PROGRAMACION-EF-OPTATIVA-2o-BACH.pdf\">Programaci\u00f3n EF 2\u00ba BACHILLERATO<\/a><\/p>\n<p><a href=\"https:\/\/iesjuandemairena.org\/wp-content\/uploads\/2025\/12\/PROGRAMACION-DE-ASPECTOS-GENERALES-TSEAS-24_25-1-1.pdf\">Aspectos generales TSEAS<\/a><\/p>\n<p><a href=\"https:\/\/iesjuandemairena.org\/wp-content\/uploads\/2025\/11\/PROGRAMACION-VALORACION1.pdf\">Programaci\u00f3n TSEAS Valoraci\u00f3n de la Condici\u00f3n F\u00edsica<\/a><\/p>\n<p><a href=\"https:\/\/iesjuandemairena.org\/wp-content\/uploads\/2025\/11\/Programacion-Dinamizacion-Grupal-2526-DUAL.pdf\">Programaci\u00f3n TSEAS Dinamizaci\u00f3n Grupal DUAL<\/a><\/p>\n<p><a href=\"https:\/\/iesjuandemairena.org\/wp-content\/uploads\/2025\/11\/PROGRAMACIO\u0301N-ACTIVIDADES-FISICO-DEPORTIVAS-INDIVIDUALES-25_26.pdf\">Programaci\u00f3n TSEAS Actividades F\u00edsico-Deportivas individuales<\/a><\/p>\n<p><a href=\"https:\/\/iesjuandemairena.org\/wp-content\/uploads\/2025\/11\/PROGRAMACIO\u0301N-DIDA\u0301CTICA-EQUIPOS-2025-26.pdf\">Programaci\u00f3n TSEAS Actividades F\u00edsico-Deportivas de Equipo<\/a><\/p>\n<p><a href=\"https:\/\/iesjuandemairena.org\/wp-content\/uploads\/2025\/11\/PROGRAMACIO\u0301N-DIDA\u0301CTICA-ACTIVIDADES-FISICO-DEPORTIVAS-DE-IMPLEMENTOS-25_26-1.pdf\">Programaci\u00f3n TSEAS Actividades F\u00edsico-Deportivas de Implementos<\/a><\/p>\n<p><a href=\"https:\/\/iesjuandemairena.org\/wp-content\/uploads\/2025\/11\/PROGRAMACION-INCLUSION-25-26.pdf\">Programaci\u00f3n TSEAS Actividades F\u00edsico-Deportivas para la Inclusi\u00f3n Social<\/a><\/p>\n<p><a href=\"https:\/\/iesjuandemairena.org\/wp-content\/uploads\/2025\/11\/Programacio\u0301n-Juegos-25-26.pdf\">Programaci\u00f3n TSEAS Juegos y Actividades F\u00edsico-Recreativas<\/a><\/p>\n<p><a href=\"https:\/\/iesjuandemairena.org\/wp-content\/uploads\/2025\/11\/PROGRAMACION-PLANIFICACION-ASD-2025-26-3.pdf\">Programaci\u00f3n TSEAS Planificaci\u00f3n de la Animaci\u00f3n Socio-deportiva<\/a><\/p>\n<p><a href=\"https:\/\/iesjuandemairena.org\/wp-content\/uploads\/2025\/11\/1123-PROGRAMACION-OCIO-Y-TIEMPO-LIBRE-25-26.pdf\">Programaci\u00f3n TSEAS Actividades de Ocio y Tiempo libre<\/a><\/p>\n<p><a href=\"https:\/\/iesjuandemairena.org\/wp-content\/uploads\/2025\/11\/PROGRAMACIO\u0301N-DIDA\u0301CTICA-ACTIVIDADES-FISICO-DEPORTIVAS-DE-IMPLEMENTOS-25_26-1-1.pdf\">Programaci\u00f3n TSEAS Metodolog\u00eda de la Ense\u00f1anza de Actividades F\u00edsico-Deportivas<\/a><\/p>\n<p><a href=\"https:\/\/iesjuandemairena.org\/wp-content\/uploads\/2025\/11\/PROGRAMACION-DIDACTICA-DEL-MODULO-FITNESS-FINAL.pdf\">Programaci\u00f3n Nuevas Tendencias en el Mundo del Fitness y Clases Colectivas<\/a><\/p>\n<p><a href=\"https:\/\/iesjuandemairena.org\/wp-content\/uploads\/2025\/11\/PROGRAMACION-PROYECTO-INTERMODULAR-ASD-25-26-.pdf\">Programaci\u00f3n Proyecto Intermodular ASD<\/a><\/p>\n<p>\u00a0<\/p>\n<p>\u00a0<\/p>\n","protected":false},"excerpt":{"rendered":"<p>Programaci\u00f3n EF ESO Programaci\u00f3n EF 1\u00ba BACHILLERATO Programaci\u00f3n EF 2\u00ba BACHILLERATO Aspectos generales TSEAS Programaci\u00f3n TSEAS Valoraci\u00f3n de la Condici\u00f3n F\u00edsica Programaci\u00f3n TSEAS Dinamizaci\u00f3n Grupal DUAL Programaci\u00f3n TSEAS Actividades F\u00edsico-Deportivas individuales Programaci\u00f3n TSEAS Actividades F\u00edsico-Deportivas de Equipo Programaci\u00f3n TSEAS Actividades F\u00edsico-Deportivas de Implementos Programaci\u00f3n TSEAS Actividades F\u00edsico-Deportivas para la Inclusi\u00f3n Social Programaci\u00f3n TSEAS Juegos y [&hellip;]<\/p>\n","protected":false},"author":8,"featured_media":0,"parent":0,"menu_order":0,"comment_status":"closed","ping_status":"closed","template":"","meta":[],"yoast_head":"<!-- This site is optimized with the Yoast SEO plugin v15.5 - https:\/\/yoast.com\/wordpress\/plugins\/seo\/ -->\n<title>Departamento de Educaci\u00f3n F\u00edsica - IES Juan de Mairena<\/title>\n<meta name=\"robots\" content=\"index, follow, max-snippet:-1, max-image-preview:large, max-video-preview:-1\" \/>\n<link rel=\"canonical\" href=\"https:\/\/iesjuandemairena.org\/index.php\/departamento-de-educacion-fisica\/\" \/>\n<meta property=\"og:locale\" content=\"es_ES\" \/>\n<meta property=\"og:type\" content=\"article\" \/>\n<meta property=\"og:title\" content=\"Departamento de Educaci\u00f3n F\u00edsica - IES Juan de Mairena\" \/>\n<meta property=\"og:description\" content=\"Programaci\u00f3n EF ESO Programaci\u00f3n EF 1\u00ba BACHILLERATO Programaci\u00f3n EF 2\u00ba BACHILLERATO Aspectos generales TSEAS Programaci\u00f3n TSEAS Valoraci\u00f3n de la Condici\u00f3n F\u00edsica Programaci\u00f3n TSEAS Dinamizaci\u00f3n Grupal DUAL Programaci\u00f3n TSEAS Actividades F\u00edsico-Deportivas individuales Programaci\u00f3n TSEAS Actividades F\u00edsico-Deportivas de Equipo Programaci\u00f3n TSEAS Actividades F\u00edsico-Deportivas de Implementos Programaci\u00f3n TSEAS Actividades F\u00edsico-Deportivas para la Inclusi\u00f3n Social Programaci\u00f3n TSEAS Juegos y [&hellip;]\" \/>\n<meta property=\"og:url\" content=\"https:\/\/iesjuandemairena.org\/index.php\/departamento-de-educacion-fisica\/\" \/>\n<meta property=\"og:site_name\" content=\"IES Juan de Mairena\" \/>\n<meta property=\"article:modified_time\" content=\"2025-12-03T12:56:00+00:00\" \/>\n<meta name=\"twitter:card\" content=\"summary_large_image\" \/>\n<meta name=\"twitter:label1\" content=\"Tiempo de lectura\">\n\t<meta name=\"twitter:data1\" content=\"0 minutos\">\n<script type=\"application\/ld+json\" class=\"yoast-schema-graph\">{\"@context\":\"https:\/\/schema.org\",\"@graph\":[{\"@type\":\"WebSite\",\"@id\":\"https:\/\/iesjuandemairena.org\/#website\",\"url\":\"https:\/\/iesjuandemairena.org\/\",\"name\":\"IES Juan de Mairena\",\"description\":\"Mairena del Aljarafe (Sevilla)\",\"potentialAction\":[{\"@type\":\"SearchAction\",\"target\":\"https:\/\/iesjuandemairena.org\/?s={search_term_string}\",\"query-input\":\"required name=search_term_string\"}],\"inLanguage\":\"es\"},{\"@type\":\"WebPage\",\"@id\":\"https:\/\/iesjuandemairena.org\/index.php\/departamento-de-educacion-fisica\/#webpage\",\"url\":\"https:\/\/iesjuandemairena.org\/index.php\/departamento-de-educacion-fisica\/\",\"name\":\"Departamento de Educaci\\u00f3n F\\u00edsica - IES Juan de Mairena\",\"isPartOf\":{\"@id\":\"https:\/\/iesjuandemairena.org\/#website\"},\"datePublished\":\"2023-02-06T11:02:53+00:00\",\"dateModified\":\"2025-12-03T12:56:00+00:00\",\"inLanguage\":\"es\",\"potentialAction\":[{\"@type\":\"ReadAction\",\"target\":[\"https:\/\/iesjuandemairena.org\/index.php\/departamento-de-educacion-fisica\/\"]}]}]}<\/script>\n<!-- \/ Yoast SEO plugin. -->","_links":{"self":[{"href":"https:\/\/iesjuandemairena.org\/index.php\/wp-json\/wp\/v2\/pages\/11645"}],"collection":[{"href":"https:\/\/iesjuandemairena.org\/index.php\/wp-json\/wp\/v2\/pages"}],"about":[{"href":"https:\/\/iesjuandemairena.org\/index.php\/wp-json\/wp\/v2\/types\/page"}],"author":[{"embeddable":true,"href":"https:\/\/iesjuandemairena.org\/index.php\/wp-json\/wp\/v2\/users\/8"}],"replies":[{"embeddable":true,"href":"https:\/\/iesjuandemairena.org\/index.php\/wp-json\/wp\/v2\/comments?post=11645"}],"version-history":[{"count":11,"href":"https:\/\/iesjuandemairena.org\/index.php\/wp-json\/wp\/v2\/pages\/11645\/revisions"}],"predecessor-version":[{"id":13068,"href":"https:\/\/iesjuandemairena.org\/index.php\/wp-json\/wp\/v2\/pages\/11645\/revisions\/13068"}],"wp:attachment":[{"href":"https:\/\/iesjuandemairena.org\/index.php\/wp-json\/wp\/v2\/media?parent=11645"}],"curies":[{"name":"wp","href":"https:\/\/api.w.org\/{rel}","templated":true}]}}