{"id":11646,"date":"2023-02-06T11:02:53","date_gmt":"2023-02-06T11:02:53","guid":{"rendered":"https:\/\/iesjuandemairena.org\/?page_id=11646"},"modified":"2025-11-18T16:37:46","modified_gmt":"2025-11-18T16:37:46","slug":"departamento-de-tecnologia","status":"publish","type":"page","link":"https:\/\/iesjuandemairena.org\/index.php\/departamento-de-tecnologia\/","title":{"rendered":"Departamento de Tecnolog\u00eda"},"content":{"rendered":"\n<p><a href=\"https:\/\/iesjuandemairena.org\/wp-content\/uploads\/2025\/11\/tecnologiaeingenieria1y2bachillerato.pdf\">Programaci\u00f3n Tecnolog\u00eda e Ingenier\u00eda Bachillerato<\/a><\/p>\n<p><a href=\"https:\/\/iesjuandemairena.org\/wp-content\/uploads\/2025\/11\/tecnologiaydigitalizacion2y3.pdf\">Programaci\u00f3n Tecnolog\u00eda y Digitalizaci\u00f3n 2\u00ba Y 3\u00ba ESO<\/a><\/p>\n<p><a href=\"https:\/\/iesjuandemairena.org\/wp-content\/uploads\/2025\/11\/Tecnologia4.pdf\">Programaci\u00f3n Tecnolog\u00eda 4\u00ba ESO<\/a><\/p>\n<p><a href=\"https:\/\/iesjuandemairena.org\/wp-content\/uploads\/2025\/11\/Programaciones_didacticasComputaciionyRobotica1ESO.pdf\">Programaci\u00f3n Computaci\u00f3n y Rob\u00f3tica 1\u00ba ESO<\/a><\/p>\n<p><a href=\"https:\/\/iesjuandemairena.org\/wp-content\/uploads\/2025\/11\/Programaciones_didacticasComputaciionyRobotica2ESO.pdf\">Programaci\u00f3n Computaci\u00f3n y Rob\u00f3tica 2\u00ba ESO<\/a><\/p>\n<p>\u00a0<\/p>\n","protected":false},"excerpt":{"rendered":"<p>Programaci\u00f3n Tecnolog\u00eda e Ingenier\u00eda Bachillerato Programaci\u00f3n Tecnolog\u00eda y Digitalizaci\u00f3n 2\u00ba Y 3\u00ba ESO Programaci\u00f3n Tecnolog\u00eda 4\u00ba ESO Programaci\u00f3n Computaci\u00f3n y Rob\u00f3tica 1\u00ba ESO Programaci\u00f3n Computaci\u00f3n y Rob\u00f3tica 2\u00ba ESO \u00a0<\/p>\n","protected":false},"author":8,"featured_media":0,"parent":0,"menu_order":0,"comment_status":"closed","ping_status":"closed","template":"","meta":[],"yoast_head":"<!-- This site is optimized with the Yoast SEO plugin v15.5 - https:\/\/yoast.com\/wordpress\/plugins\/seo\/ -->\n<title>Departamento de Tecnolog\u00eda - IES Juan de Mairena<\/title>\n<meta name=\"robots\" content=\"index, follow, max-snippet:-1, max-image-preview:large, max-video-preview:-1\" \/>\n<link rel=\"canonical\" href=\"https:\/\/iesjuandemairena.org\/index.php\/departamento-de-tecnologia\/\" \/>\n<meta property=\"og:locale\" content=\"es_ES\" \/>\n<meta property=\"og:type\" content=\"article\" \/>\n<meta property=\"og:title\" content=\"Departamento de Tecnolog\u00eda - IES Juan de Mairena\" \/>\n<meta property=\"og:description\" content=\"Programaci\u00f3n Tecnolog\u00eda e Ingenier\u00eda Bachillerato Programaci\u00f3n Tecnolog\u00eda y Digitalizaci\u00f3n 2\u00ba Y 3\u00ba ESO Programaci\u00f3n Tecnolog\u00eda 4\u00ba ESO Programaci\u00f3n Computaci\u00f3n y Rob\u00f3tica 1\u00ba ESO Programaci\u00f3n Computaci\u00f3n y Rob\u00f3tica 2\u00ba ESO \u00a0\" \/>\n<meta property=\"og:url\" content=\"https:\/\/iesjuandemairena.org\/index.php\/departamento-de-tecnologia\/\" \/>\n<meta property=\"og:site_name\" content=\"IES Juan de Mairena\" \/>\n<meta property=\"article:modified_time\" content=\"2025-11-18T16:37:46+00:00\" \/>\n<meta name=\"twitter:card\" content=\"summary_large_image\" \/>\n<meta name=\"twitter:label1\" content=\"Tiempo de lectura\">\n\t<meta name=\"twitter:data1\" content=\"0 minutos\">\n<script type=\"application\/ld+json\" class=\"yoast-schema-graph\">{\"@context\":\"https:\/\/schema.org\",\"@graph\":[{\"@type\":\"WebSite\",\"@id\":\"https:\/\/iesjuandemairena.org\/#website\",\"url\":\"https:\/\/iesjuandemairena.org\/\",\"name\":\"IES Juan de Mairena\",\"description\":\"Mairena del Aljarafe (Sevilla)\",\"potentialAction\":[{\"@type\":\"SearchAction\",\"target\":\"https:\/\/iesjuandemairena.org\/?s={search_term_string}\",\"query-input\":\"required name=search_term_string\"}],\"inLanguage\":\"es\"},{\"@type\":\"WebPage\",\"@id\":\"https:\/\/iesjuandemairena.org\/index.php\/departamento-de-tecnologia\/#webpage\",\"url\":\"https:\/\/iesjuandemairena.org\/index.php\/departamento-de-tecnologia\/\",\"name\":\"Departamento de Tecnolog\\u00eda - IES Juan de Mairena\",\"isPartOf\":{\"@id\":\"https:\/\/iesjuandemairena.org\/#website\"},\"datePublished\":\"2023-02-06T11:02:53+00:00\",\"dateModified\":\"2025-11-18T16:37:46+00:00\",\"inLanguage\":\"es\",\"potentialAction\":[{\"@type\":\"ReadAction\",\"target\":[\"https:\/\/iesjuandemairena.org\/index.php\/departamento-de-tecnologia\/\"]}]}]}<\/script>\n<!-- \/ Yoast SEO plugin. -->","_links":{"self":[{"href":"https:\/\/iesjuandemairena.org\/index.php\/wp-json\/wp\/v2\/pages\/11646"}],"collection":[{"href":"https:\/\/iesjuandemairena.org\/index.php\/wp-json\/wp\/v2\/pages"}],"about":[{"href":"https:\/\/iesjuandemairena.org\/index.php\/wp-json\/wp\/v2\/types\/page"}],"author":[{"embeddable":true,"href":"https:\/\/iesjuandemairena.org\/index.php\/wp-json\/wp\/v2\/users\/8"}],"replies":[{"embeddable":true,"href":"https:\/\/iesjuandemairena.org\/index.php\/wp-json\/wp\/v2\/comments?post=11646"}],"version-history":[{"count":5,"href":"https:\/\/iesjuandemairena.org\/index.php\/wp-json\/wp\/v2\/pages\/11646\/revisions"}],"predecessor-version":[{"id":13018,"href":"https:\/\/iesjuandemairena.org\/index.php\/wp-json\/wp\/v2\/pages\/11646\/revisions\/13018"}],"wp:attachment":[{"href":"https:\/\/iesjuandemairena.org\/index.php\/wp-json\/wp\/v2\/media?parent=11646"}],"curies":[{"name":"wp","href":"https:\/\/api.w.org\/{rel}","templated":true}]}}