{"id":11650,"date":"2023-02-06T11:02:53","date_gmt":"2023-02-06T11:02:53","guid":{"rendered":"https:\/\/iesjuandemairena.org\/?page_id=11650"},"modified":"2025-11-18T14:54:42","modified_gmt":"2025-11-18T14:54:42","slug":"departamento-de-economia-y-empresa","status":"publish","type":"page","link":"https:\/\/iesjuandemairena.org\/index.php\/departamento-de-economia-y-empresa\/","title":{"rendered":"Departamento de Econom\u00eda y Empresa"},"content":{"rendered":"\n<p><a href=\"https:\/\/iesjuandemairena.org\/wp-content\/uploads\/2025\/11\/IAEE_Programacion_2025_26.pdf\">Programaci\u00f3n 3\u00ba ESO Iniciaci\u00f3n a la Actividad Emprendedora y Empresarial<\/a><\/p>\n<p><a href=\"https:\/\/iesjuandemairena.org\/wp-content\/uploads\/2025\/11\/EconomiayEmprendimiento_4ESO.pdf\">Programaci\u00f3n 4\u00ba ESO Econom\u00eda y emprendimiento<\/a><\/p>\n<p><a href=\"https:\/\/iesjuandemairena.org\/wp-content\/uploads\/2025\/11\/Programacion-FOPP-25_26.pdf\">Programaci\u00f3n 4\u00ba ESO Formaci\u00f3n y orientaci\u00f3n personal y profesional<\/a><\/p>\n<p><a href=\"https:\/\/iesjuandemairena.org\/wp-content\/uploads\/2025\/11\/ECONOMIA_1Bach_Programacion_2025_26.pdf\">Programaci\u00f3n 1\u00ba Bachillerato Econom\u00eda<\/a><\/p>\n<p><a href=\"https:\/\/iesjuandemairena.org\/wp-content\/uploads\/2025\/11\/CEYE_1BACH_Programacion_2025_26.pdf\">Programaci\u00f3n 1\u00ba Bachillerato Cultura Emprendedora<\/a><\/p>\n<p><a href=\"https:\/\/iesjuandemairena.org\/wp-content\/uploads\/2025\/11\/FAG_2Bach_Programacion_2025-26.pdf\">Programaci\u00f3n 2\u00ba Bachillerato Fundamentos Administraci\u00f3n y Gesti\u00f3n<\/a><\/p>\n<p><a href=\"https:\/\/iesjuandemairena.org\/wp-content\/uploads\/2025\/11\/EDMN_2Bach_Programacion_2025_26.pdf\">Programaci\u00f3n 2\u00ba Bachillerato Empresas y modelos de negocio<\/a><\/p>\n<p><a href=\"https:\/\/iesjuandemairena.org\/wp-content\/uploads\/2025\/11\/PROGRAMACION-IPE-I-25-26.pdf\">Programaci\u00f3n IPE I<\/a><\/p>\n<p><a href=\"https:\/\/iesjuandemairena.org\/wp-content\/uploads\/2025\/11\/PROGRAMACION-IPE-II-SMR-25-26.pdf\">Programaci\u00f3n IPE II SMR<\/a><\/p>\n<p><a href=\"https:\/\/iesjuandemairena.org\/wp-content\/uploads\/2025\/11\/PROGRAMACION-IPE-II-TS-EAS-25-26.pdf\">Programaci\u00f3n IPE II TSEAS<\/a><\/p>\n<p><a href=\"https:\/\/iesjuandemairena.org\/wp-content\/uploads\/2025\/11\/PROG.SOST-25-26-SMR.docx.pdf\">Programaci\u00f3n Sostenibilidad SMR<\/a><\/p>\n<p><a href=\"https:\/\/iesjuandemairena.org\/wp-content\/uploads\/2025\/11\/PROG.SOST-25-26-TS-EAS.docx.pdf\">Programaci\u00f3n Sostenibilidad TSEAS<\/a><\/p>\n","protected":false},"excerpt":{"rendered":"<p>Programaci\u00f3n 3\u00ba ESO Iniciaci\u00f3n a la Actividad Emprendedora y Empresarial Programaci\u00f3n 4\u00ba ESO Econom\u00eda y emprendimiento Programaci\u00f3n 4\u00ba ESO Formaci\u00f3n y orientaci\u00f3n personal y profesional Programaci\u00f3n 1\u00ba Bachillerato Econom\u00eda Programaci\u00f3n 1\u00ba Bachillerato Cultura Emprendedora Programaci\u00f3n 2\u00ba Bachillerato Fundamentos Administraci\u00f3n y Gesti\u00f3n Programaci\u00f3n 2\u00ba Bachillerato Empresas y modelos de negocio Programaci\u00f3n IPE I Programaci\u00f3n IPE II [&hellip;]<\/p>\n","protected":false},"author":8,"featured_media":0,"parent":0,"menu_order":0,"comment_status":"closed","ping_status":"closed","template":"","meta":[],"yoast_head":"<!-- This site is optimized with the Yoast SEO plugin v15.5 - https:\/\/yoast.com\/wordpress\/plugins\/seo\/ -->\n<title>Departamento de Econom\u00eda y Empresa - IES Juan de Mairena<\/title>\n<meta name=\"robots\" content=\"index, follow, max-snippet:-1, max-image-preview:large, max-video-preview:-1\" \/>\n<link rel=\"canonical\" href=\"https:\/\/iesjuandemairena.org\/index.php\/departamento-de-economia-y-empresa\/\" \/>\n<meta property=\"og:locale\" content=\"es_ES\" \/>\n<meta property=\"og:type\" content=\"article\" \/>\n<meta property=\"og:title\" content=\"Departamento de Econom\u00eda y Empresa - IES Juan de Mairena\" \/>\n<meta property=\"og:description\" content=\"Programaci\u00f3n 3\u00ba ESO Iniciaci\u00f3n a la Actividad Emprendedora y Empresarial Programaci\u00f3n 4\u00ba ESO Econom\u00eda y emprendimiento Programaci\u00f3n 4\u00ba ESO Formaci\u00f3n y orientaci\u00f3n personal y profesional Programaci\u00f3n 1\u00ba Bachillerato Econom\u00eda Programaci\u00f3n 1\u00ba Bachillerato Cultura Emprendedora Programaci\u00f3n 2\u00ba Bachillerato Fundamentos Administraci\u00f3n y Gesti\u00f3n Programaci\u00f3n 2\u00ba Bachillerato Empresas y modelos de negocio Programaci\u00f3n IPE I Programaci\u00f3n IPE II [&hellip;]\" \/>\n<meta property=\"og:url\" content=\"https:\/\/iesjuandemairena.org\/index.php\/departamento-de-economia-y-empresa\/\" \/>\n<meta property=\"og:site_name\" content=\"IES Juan de Mairena\" \/>\n<meta property=\"article:modified_time\" content=\"2025-11-18T14:54:42+00:00\" \/>\n<meta name=\"twitter:card\" content=\"summary_large_image\" \/>\n<meta name=\"twitter:label1\" content=\"Tiempo de lectura\">\n\t<meta name=\"twitter:data1\" content=\"0 minutos\">\n<script type=\"application\/ld+json\" class=\"yoast-schema-graph\">{\"@context\":\"https:\/\/schema.org\",\"@graph\":[{\"@type\":\"WebSite\",\"@id\":\"https:\/\/iesjuandemairena.org\/#website\",\"url\":\"https:\/\/iesjuandemairena.org\/\",\"name\":\"IES Juan de Mairena\",\"description\":\"Mairena del Aljarafe (Sevilla)\",\"potentialAction\":[{\"@type\":\"SearchAction\",\"target\":\"https:\/\/iesjuandemairena.org\/?s={search_term_string}\",\"query-input\":\"required name=search_term_string\"}],\"inLanguage\":\"es\"},{\"@type\":\"WebPage\",\"@id\":\"https:\/\/iesjuandemairena.org\/index.php\/departamento-de-economia-y-empresa\/#webpage\",\"url\":\"https:\/\/iesjuandemairena.org\/index.php\/departamento-de-economia-y-empresa\/\",\"name\":\"Departamento de Econom\\u00eda y Empresa - IES Juan de Mairena\",\"isPartOf\":{\"@id\":\"https:\/\/iesjuandemairena.org\/#website\"},\"datePublished\":\"2023-02-06T11:02:53+00:00\",\"dateModified\":\"2025-11-18T14:54:42+00:00\",\"inLanguage\":\"es\",\"potentialAction\":[{\"@type\":\"ReadAction\",\"target\":[\"https:\/\/iesjuandemairena.org\/index.php\/departamento-de-economia-y-empresa\/\"]}]}]}<\/script>\n<!-- \/ Yoast SEO plugin. -->","_links":{"self":[{"href":"https:\/\/iesjuandemairena.org\/index.php\/wp-json\/wp\/v2\/pages\/11650"}],"collection":[{"href":"https:\/\/iesjuandemairena.org\/index.php\/wp-json\/wp\/v2\/pages"}],"about":[{"href":"https:\/\/iesjuandemairena.org\/index.php\/wp-json\/wp\/v2\/types\/page"}],"author":[{"embeddable":true,"href":"https:\/\/iesjuandemairena.org\/index.php\/wp-json\/wp\/v2\/users\/8"}],"replies":[{"embeddable":true,"href":"https:\/\/iesjuandemairena.org\/index.php\/wp-json\/wp\/v2\/comments?post=11650"}],"version-history":[{"count":6,"href":"https:\/\/iesjuandemairena.org\/index.php\/wp-json\/wp\/v2\/pages\/11650\/revisions"}],"predecessor-version":[{"id":12937,"href":"https:\/\/iesjuandemairena.org\/index.php\/wp-json\/wp\/v2\/pages\/11650\/revisions\/12937"}],"wp:attachment":[{"href":"https:\/\/iesjuandemairena.org\/index.php\/wp-json\/wp\/v2\/media?parent=11650"}],"curies":[{"name":"wp","href":"https:\/\/api.w.org\/{rel}","templated":true}]}}