{"id":35,"date":"2015-03-13T08:21:43","date_gmt":"2015-03-13T08:21:43","guid":{"rendered":"http:\/\/blogsaverroes.juntadeandalucia.es\/pre\/ceip\/?page_id=35"},"modified":"2021-05-05T11:17:29","modified_gmt":"2021-05-05T11:17:29","slug":"el-centro-2","status":"publish","type":"page","link":"https:\/\/iesjuandemairena.org\/index.php\/el-centro-2\/","title":{"rendered":"Datos del centro"},"content":{"rendered":"<table style=\"height: 261px; border-style: hidden; width: 562px;\" width=\"562\">\n<tbody>\n<tr style=\"height: 64px;\">\n<td style=\"height: 64px; width: 562px;\">\n<p style=\"text-align: center;\"><strong>\u00a0 \u00a0 \u00a1SUBE,QUE TE LLEVO!<\/strong><\/p>\n<\/td>\n<\/tr>\n<tr style=\"height: 32px;\">\n<td style=\"height: 32px; width: 562px;\">\n<p style=\"text-align: center;\"><a href=\"https:\/\/www.google.es\/maps\/place\/IES+Juan+de+Mairena\/@37.3513879,-6.0542762,17z\/data=!4m5!3m4!1s0x0:0xea53fd6c513d230b!8m2!3d37.3490916!4d-6.0507811\"><img loading=\"lazy\" src=\"https:\/\/iesjuandemairena.org\/wp-content\/uploads\/2018\/10\/auto-flower-power.gif\" alt=\"\" width=\"404\" height=\"173\" \/><\/a><\/p>\n<\/td>\n<\/tr>\n<\/tbody>\n<\/table>\n<ul>\n<li><strong>Denominaci\u00f3n del centro<\/strong>: <strong>IES JUAN DE MAIRENA<\/strong><\/li>\n<li><strong>Direcci\u00f3n postal:<\/strong> Avda. de las Am\u00e9ricas s\/n. \u00a0Mairena del Aljarafe 41927 (Sevilla)<\/li>\n<li><strong>Horario de clases:<\/strong> de 8:30 h a 15:00 h<\/li>\n<li><strong>Horario de atenci\u00f3n al p\u00fablico (Secretar\u00eda)<\/strong><\/li>\n<\/ul>\n<p style=\"padding-left: 120px;\">MA\u00d1ANAS: de 10:30 h a 12:00 h<\/p>\n<p style=\"padding-left: 120px;\">TARDES: de 17:00 h a 19:00 h (S\u00d3LO MARTES)<\/p>\n<ul>\n<li><strong>TEL\u00c9FONO:\u00a0<\/strong>955 62 33 05-06<\/li>\n<li><strong>FAX<\/strong>: 955 \u00a062 33 11<\/li>\n<\/ul>\n<ul>\n<li><strong>Aulas virtuales<\/strong> (Plataforma Moodle):<\/li>\n<\/ul>\n<p>https:\/\/educacionadistancia.juntadeandalucia.es\/centros\/sevilla\/login<\/p>\n<ul>\n<li><strong>Blog del Centro:<\/strong><\/li>\n<\/ul>\n<p style=\"padding-left: 60px;\"><strong><a style=\"color: #3366ff;\" href=\"https:\/\/iesjuandemairena.org\">https:\/\/iesjuandemairena.org<\/a><\/strong><\/p>\n<ul>\n<li><strong>Correo electr\u00f3nico<\/strong>:<\/li>\n<\/ul>\n<p style=\"padding-left: 60px;\"><a href=\"http:\/\/41700099.averroes@juntadeandalucia.es\"><strong>41700099.edu@juntadeandalucia.es<\/strong><\/a><\/p>\n<ul>\n<li><strong>Informaci\u00f3n sobre la localidad:<\/strong><\/li>\n<\/ul>\n<p style=\"padding-left: 60px;\"><a href=\"http:\/\/www.mairenadelaljarafe.es\/\">www.mairenadelaljarafe.es\/<\/a><\/p>\n<p style=\"padding-left: 60px;\"><a style=\"color: #3366ff;\" href=\"http:\/\/wikanda.sevillapedia.es\/wiki\/Categor%C3%ADa:Mairena_del_Aljarafe\">http:\/\/wikanda.sevillapedia.es<\/a><\/p>\n<ul>\n<li><strong>SITIOS ASOCIADOS:<\/strong><\/li>\n<\/ul>\n<p style=\"text-align: left; padding-left: 60px;\"><a href=\"http:\/\/www.juntadeandalucia.es\/averroes\/centros-tic\/41700099\/\"><strong>SERVIDOR DE CONTENIDOS<\/strong><\/a><\/p>\n<p style=\"text-align: left; padding-left: 60px;\"><a href=\"http:\/\/www.juntadeandalucia.es\/averroes\/centros-tic\/41700099\/biblioweb\/mod\/Busqueda\/\"><strong>BIBLIOWEB<\/strong><\/a>\u00a0<em>(consulta on line de los fondos de la biblioteca)<\/em><\/p>\n<p style=\"text-align: left; padding-left: 60px;\"><a href=\"http:\/\/bibliojuande.blogspot.com.es\"><strong>BLOG DE LA BIBLIOTECA<\/strong><\/a><\/p>\n<p style=\"text-align: left; padding-left: 60px;\"><a href=\"http:\/\/aequitas25.blogspot.com.es\"><strong>BLOG DE COEDUCACI\u00d3N<\/strong><\/a><\/p>\n<p style=\"padding-left: 60px;\"><strong><a style=\"color: #3366ff;\" href=\"https:\/\/bilingualjuande.blogspot.com\">BLOG DE BILING\u00dc\u00cdSMO<\/a><\/strong><\/p>\n<p style=\"padding-left: 60px;\">\n<p style=\"text-align: left;\">\n","protected":false},"excerpt":{"rendered":"<p>\u00a0 \u00a0 \u00a1SUBE,QUE TE LLEVO! Denominaci\u00f3n del centro: IES JUAN DE MAIRENA Direcci\u00f3n postal: Avda. de las Am\u00e9ricas s\/n. \u00a0Mairena del Aljarafe 41927 (Sevilla) Horario de clases: de 8:30 h a 15:00 h Horario de atenci\u00f3n al p\u00fablico (Secretar\u00eda) MA\u00d1ANAS: de 10:30 h a 12:00 h TARDES: de 17:00 h a 19:00 h (S\u00d3LO MARTES) [&hellip;]<\/p>\n","protected":false},"author":1,"featured_media":0,"parent":0,"menu_order":0,"comment_status":"closed","ping_status":"closed","template":"","meta":[],"yoast_head":"<!-- This site is optimized with the Yoast SEO plugin v15.5 - https:\/\/yoast.com\/wordpress\/plugins\/seo\/ -->\n<title>Datos del centro - IES Juan de Mairena<\/title>\n<meta name=\"robots\" content=\"index, follow, max-snippet:-1, max-image-preview:large, max-video-preview:-1\" \/>\n<link rel=\"canonical\" href=\"https:\/\/iesjuandemairena.org\/index.php\/el-centro-2\/\" \/>\n<meta property=\"og:locale\" content=\"es_ES\" \/>\n<meta property=\"og:type\" content=\"article\" \/>\n<meta property=\"og:title\" content=\"Datos del centro - IES Juan de Mairena\" \/>\n<meta property=\"og:description\" content=\"\u00a0 \u00a0 \u00a1SUBE,QUE TE LLEVO! Denominaci\u00f3n del centro: IES JUAN DE MAIRENA Direcci\u00f3n postal: Avda. de las Am\u00e9ricas s\/n. \u00a0Mairena del Aljarafe 41927 (Sevilla) Horario de clases: de 8:30 h a 15:00 h Horario de atenci\u00f3n al p\u00fablico (Secretar\u00eda) MA\u00d1ANAS: de 10:30 h a 12:00 h TARDES: de 17:00 h a 19:00 h (S\u00d3LO MARTES) [&hellip;]\" \/>\n<meta property=\"og:url\" content=\"https:\/\/iesjuandemairena.org\/index.php\/el-centro-2\/\" \/>\n<meta property=\"og:site_name\" content=\"IES Juan de Mairena\" \/>\n<meta property=\"article:modified_time\" content=\"2021-05-05T11:17:29+00:00\" \/>\n<meta property=\"og:image\" content=\"https:\/\/iesjuandemairena.org\/wp-content\/uploads\/2018\/10\/auto-flower-power.gif\" \/>\n<meta name=\"twitter:card\" content=\"summary_large_image\" \/>\n<meta name=\"twitter:label1\" content=\"Tiempo de lectura\">\n\t<meta name=\"twitter:data1\" content=\"0 minutos\">\n<script type=\"application\/ld+json\" class=\"yoast-schema-graph\">{\"@context\":\"https:\/\/schema.org\",\"@graph\":[{\"@type\":\"WebSite\",\"@id\":\"https:\/\/iesjuandemairena.org\/#website\",\"url\":\"https:\/\/iesjuandemairena.org\/\",\"name\":\"IES Juan de Mairena\",\"description\":\"Mairena del Aljarafe (Sevilla)\",\"potentialAction\":[{\"@type\":\"SearchAction\",\"target\":\"https:\/\/iesjuandemairena.org\/?s={search_term_string}\",\"query-input\":\"required name=search_term_string\"}],\"inLanguage\":\"es\"},{\"@type\":\"ImageObject\",\"@id\":\"https:\/\/iesjuandemairena.org\/index.php\/el-centro-2\/#primaryimage\",\"inLanguage\":\"es\",\"url\":\"https:\/\/iesjuandemairena.org\/wp-content\/uploads\/2018\/10\/auto-flower-power.gif\",\"width\":404,\"height\":173},{\"@type\":\"WebPage\",\"@id\":\"https:\/\/iesjuandemairena.org\/index.php\/el-centro-2\/#webpage\",\"url\":\"https:\/\/iesjuandemairena.org\/index.php\/el-centro-2\/\",\"name\":\"Datos del centro - IES Juan de Mairena\",\"isPartOf\":{\"@id\":\"https:\/\/iesjuandemairena.org\/#website\"},\"primaryImageOfPage\":{\"@id\":\"https:\/\/iesjuandemairena.org\/index.php\/el-centro-2\/#primaryimage\"},\"datePublished\":\"2015-03-13T08:21:43+00:00\",\"dateModified\":\"2021-05-05T11:17:29+00:00\",\"inLanguage\":\"es\",\"potentialAction\":[{\"@type\":\"ReadAction\",\"target\":[\"https:\/\/iesjuandemairena.org\/index.php\/el-centro-2\/\"]}]}]}<\/script>\n<!-- \/ Yoast SEO plugin. -->","_links":{"self":[{"href":"https:\/\/iesjuandemairena.org\/index.php\/wp-json\/wp\/v2\/pages\/35"}],"collection":[{"href":"https:\/\/iesjuandemairena.org\/index.php\/wp-json\/wp\/v2\/pages"}],"about":[{"href":"https:\/\/iesjuandemairena.org\/index.php\/wp-json\/wp\/v2\/types\/page"}],"author":[{"embeddable":true,"href":"https:\/\/iesjuandemairena.org\/index.php\/wp-json\/wp\/v2\/users\/1"}],"replies":[{"embeddable":true,"href":"https:\/\/iesjuandemairena.org\/index.php\/wp-json\/wp\/v2\/comments?post=35"}],"version-history":[{"count":28,"href":"https:\/\/iesjuandemairena.org\/index.php\/wp-json\/wp\/v2\/pages\/35\/revisions"}],"predecessor-version":[{"id":10203,"href":"https:\/\/iesjuandemairena.org\/index.php\/wp-json\/wp\/v2\/pages\/35\/revisions\/10203"}],"wp:attachment":[{"href":"https:\/\/iesjuandemairena.org\/index.php\/wp-json\/wp\/v2\/media?parent=35"}],"curies":[{"name":"wp","href":"https:\/\/api.w.org\/{rel}","templated":true}]}}