{"id":9983,"date":"2020-11-26T18:33:29","date_gmt":"2020-11-26T18:33:29","guid":{"rendered":"https:\/\/iesjuandemairena.org\/?page_id=9983"},"modified":"2025-11-19T14:04:24","modified_gmt":"2025-11-19T14:04:24","slug":"criterios-de-calificacion-2","status":"publish","type":"page","link":"https:\/\/iesjuandemairena.org\/index.php\/criterios-de-calificacion-2\/","title":{"rendered":"Programaciones"},"content":{"rendered":"\n\n\n\n\n<p><a href=\"https:\/\/iesjuandemairena.org\/index.php\/departamento-de-biologia-y-geologia\/\">Departamento Biolog\u00eda y Geolog\u00eda<\/a><\/p>\n<p><a href=\"https:\/\/iesjuandemairena.org\/index.php\/departamento-de-clasicas\/\">Departamento Cl\u00e1sicas<\/a><\/p>\n<p><a href=\"https:\/\/iesjuandemairena.org\/index.php\/departamento-de-dibujo\/\">Departamento Dibujo<\/a><\/p>\n<p><a href=\"https:\/\/iesjuandemairena.org\/index.php\/departamento-de-economia-y-empresa\/\">Departamento Econom\u00eda y Empresa<\/a><\/p>\n<p><a href=\"https:\/\/iesjuandemairena.org\/index.php\/departamento-de-educacion-fisica\/\">Departamento Educaci\u00f3n F\u00edsica<\/a><\/p>\n<p><a href=\"https:\/\/iesjuandemairena.org\/index.php\/departamento-de-filosofia\/\">Departamento Filosof\u00eda<\/a><\/p>\n<p><a href=\"https:\/\/iesjuandemairena.org\/index.php\/departamento-de-fisica-y-quimica\/\">Departamento F\u00edsica y Qu\u00edmica<\/a><\/p>\n<p><a href=\"https:\/\/iesjuandemairena.org\/index.php\/departamento-de-frances\/\">Departamento Franc\u00e9s<\/a><\/p>\n<p><a href=\"https:\/\/iesjuandemairena.org\/index.php\/departamento-de-geografia-e-historia\/\">Departamento Geograf\u00eda e Historia<\/a><\/p>\n<p><a href=\"https:\/\/iesjuandemairena.org\/index.php\/departamento-de-informatica\/\">Departamento Inform\u00e1tica<\/a><\/p>\n<p><a href=\"https:\/\/iesjuandemairena.org\/index.php\/departamento-de-ingles\/\">Departamento Ingl\u00e9s<\/a><\/p>\n<p><a href=\"https:\/\/iesjuandemairena.org\/index.php\/departamento-de-lengua-castellana-y-literatura\/\">Departamento Lengua Castellana y Literatura<\/a><\/p>\n<p><a href=\"https:\/\/iesjuandemairena.org\/index.php\/departamento-de-matematicas\/\">Departamento Matem\u00e1ticas<\/a><\/p>\n<p><a href=\"https:\/\/iesjuandemairena.org\/index.php\/departamento-de-musica\/\">Departamento M\u00fasica<\/a><\/p>\n<p><a href=\"https:\/\/iesjuandemairena.org\/index.php\/departamento-de-tecnologia\/\">Departamento Tecnolog\u00eda<\/a><\/p>\n<p><a href=\"https:\/\/iesjuandemairena.org\/index.php\/departamento-de-religion\/\">Departamento Religi\u00f3n<\/a><\/p>\n","protected":false},"excerpt":{"rendered":"<p>Departamento Biolog\u00eda y Geolog\u00eda Departamento Cl\u00e1sicas Departamento Dibujo Departamento Econom\u00eda y Empresa Departamento Educaci\u00f3n F\u00edsica Departamento Filosof\u00eda Departamento F\u00edsica y Qu\u00edmica Departamento Franc\u00e9s Departamento Geograf\u00eda e Historia Departamento Inform\u00e1tica Departamento Ingl\u00e9s Departamento Lengua Castellana y Literatura Departamento Matem\u00e1ticas Departamento M\u00fasica Departamento Tecnolog\u00eda Departamento Religi\u00f3n<\/p>\n","protected":false},"author":1,"featured_media":0,"parent":0,"menu_order":0,"comment_status":"closed","ping_status":"closed","template":"","meta":[],"yoast_head":"<!-- This site is optimized with the Yoast SEO plugin v15.5 - https:\/\/yoast.com\/wordpress\/plugins\/seo\/ -->\n<title>Programaciones - IES Juan de Mairena<\/title>\n<meta name=\"robots\" content=\"index, follow, max-snippet:-1, max-image-preview:large, max-video-preview:-1\" \/>\n<link rel=\"canonical\" href=\"https:\/\/iesjuandemairena.org\/index.php\/criterios-de-calificacion-2\/\" \/>\n<meta property=\"og:locale\" content=\"es_ES\" \/>\n<meta property=\"og:type\" content=\"article\" \/>\n<meta property=\"og:title\" content=\"Programaciones - IES Juan de Mairena\" \/>\n<meta property=\"og:description\" content=\"Departamento Biolog\u00eda y Geolog\u00eda Departamento Cl\u00e1sicas Departamento Dibujo Departamento Econom\u00eda y Empresa Departamento Educaci\u00f3n F\u00edsica Departamento Filosof\u00eda Departamento F\u00edsica y Qu\u00edmica Departamento Franc\u00e9s Departamento Geograf\u00eda e Historia Departamento Inform\u00e1tica Departamento Ingl\u00e9s Departamento Lengua Castellana y Literatura Departamento Matem\u00e1ticas Departamento M\u00fasica Departamento Tecnolog\u00eda Departamento Religi\u00f3n\" \/>\n<meta property=\"og:url\" content=\"https:\/\/iesjuandemairena.org\/index.php\/criterios-de-calificacion-2\/\" \/>\n<meta property=\"og:site_name\" content=\"IES Juan de Mairena\" \/>\n<meta property=\"article:modified_time\" content=\"2025-11-19T14:04:24+00:00\" \/>\n<meta name=\"twitter:card\" content=\"summary_large_image\" \/>\n<meta name=\"twitter:label1\" content=\"Tiempo de lectura\">\n\t<meta name=\"twitter:data1\" content=\"0 minutos\">\n<script type=\"application\/ld+json\" class=\"yoast-schema-graph\">{\"@context\":\"https:\/\/schema.org\",\"@graph\":[{\"@type\":\"WebSite\",\"@id\":\"https:\/\/iesjuandemairena.org\/#website\",\"url\":\"https:\/\/iesjuandemairena.org\/\",\"name\":\"IES Juan de Mairena\",\"description\":\"Mairena del Aljarafe (Sevilla)\",\"potentialAction\":[{\"@type\":\"SearchAction\",\"target\":\"https:\/\/iesjuandemairena.org\/?s={search_term_string}\",\"query-input\":\"required name=search_term_string\"}],\"inLanguage\":\"es\"},{\"@type\":\"WebPage\",\"@id\":\"https:\/\/iesjuandemairena.org\/index.php\/criterios-de-calificacion-2\/#webpage\",\"url\":\"https:\/\/iesjuandemairena.org\/index.php\/criterios-de-calificacion-2\/\",\"name\":\"Programaciones - IES Juan de Mairena\",\"isPartOf\":{\"@id\":\"https:\/\/iesjuandemairena.org\/#website\"},\"datePublished\":\"2020-11-26T18:33:29+00:00\",\"dateModified\":\"2025-11-19T14:04:24+00:00\",\"inLanguage\":\"es\",\"potentialAction\":[{\"@type\":\"ReadAction\",\"target\":[\"https:\/\/iesjuandemairena.org\/index.php\/criterios-de-calificacion-2\/\"]}]}]}<\/script>\n<!-- \/ Yoast SEO plugin. -->","_links":{"self":[{"href":"https:\/\/iesjuandemairena.org\/index.php\/wp-json\/wp\/v2\/pages\/9983"}],"collection":[{"href":"https:\/\/iesjuandemairena.org\/index.php\/wp-json\/wp\/v2\/pages"}],"about":[{"href":"https:\/\/iesjuandemairena.org\/index.php\/wp-json\/wp\/v2\/types\/page"}],"author":[{"embeddable":true,"href":"https:\/\/iesjuandemairena.org\/index.php\/wp-json\/wp\/v2\/users\/1"}],"replies":[{"embeddable":true,"href":"https:\/\/iesjuandemairena.org\/index.php\/wp-json\/wp\/v2\/comments?post=9983"}],"version-history":[{"count":9,"href":"https:\/\/iesjuandemairena.org\/index.php\/wp-json\/wp\/v2\/pages\/9983\/revisions"}],"predecessor-version":[{"id":13048,"href":"https:\/\/iesjuandemairena.org\/index.php\/wp-json\/wp\/v2\/pages\/9983\/revisions\/13048"}],"wp:attachment":[{"href":"https:\/\/iesjuandemairena.org\/index.php\/wp-json\/wp\/v2\/media?parent=9983"}],"curies":[{"name":"wp","href":"https:\/\/api.w.org\/{rel}","templated":true}]}}