{"id":9988,"date":"2020-11-26T19:34:47","date_gmt":"2020-11-26T19:34:47","guid":{"rendered":"https:\/\/iesjuandemairena.org\/?page_id=9988"},"modified":"2020-11-26T19:52:34","modified_gmt":"2020-11-26T19:52:34","slug":"planes-y-proyectos-2","status":"publish","type":"page","link":"https:\/\/iesjuandemairena.org\/index.php\/planes-y-proyectos-2\/","title":{"rendered":"Planes y Proyectos"},"content":{"rendered":"\n<p>Plan de Centro<\/p>\n<ul>\n<li>Proyecto Educativo<\/li>\n<li>Proyecto de Gesti\u00f3n<\/li>\n<li>Reglamento de Organizaci\u00f3n y Funcionamiento (ROF)<\/li>\n<\/ul>\n<p>Plan de Mejora<\/p>\n<p>Plan de Formaci\u00f3n<\/p>\n<p>Plan de Convivencia<\/p>\n<p>Biling\u00fcismo<\/p>\n<p>Erasmus<\/p>\n<p>Plan de Transformaci\u00f3n Digital Educativa (TDE)<\/p>\n<p>Plan de Igualdad<\/p>\n<p>Forma Joven<\/p>\n<p>Comunica<\/p>\n","protected":false},"excerpt":{"rendered":"<p>Plan de Centro Proyecto Educativo Proyecto de Gesti\u00f3n Reglamento de Organizaci\u00f3n y Funcionamiento (ROF) Plan de Mejora Plan de Formaci\u00f3n Plan de Convivencia Biling\u00fcismo Erasmus Plan de Transformaci\u00f3n Digital Educativa (TDE) Plan de Igualdad Forma Joven Comunica<\/p>\n","protected":false},"author":1,"featured_media":0,"parent":0,"menu_order":0,"comment_status":"closed","ping_status":"closed","template":"","meta":[],"yoast_head":"<!-- This site is optimized with the Yoast SEO plugin v15.5 - https:\/\/yoast.com\/wordpress\/plugins\/seo\/ -->\n<title>Planes y Proyectos - IES Juan de Mairena<\/title>\n<meta name=\"robots\" content=\"index, follow, max-snippet:-1, max-image-preview:large, max-video-preview:-1\" \/>\n<link rel=\"canonical\" href=\"https:\/\/iesjuandemairena.org\/index.php\/planes-y-proyectos-2\/\" \/>\n<meta property=\"og:locale\" content=\"es_ES\" \/>\n<meta property=\"og:type\" content=\"article\" \/>\n<meta property=\"og:title\" content=\"Planes y Proyectos - IES Juan de Mairena\" \/>\n<meta property=\"og:description\" content=\"Plan de Centro Proyecto Educativo Proyecto de Gesti\u00f3n Reglamento de Organizaci\u00f3n y Funcionamiento (ROF) Plan de Mejora Plan de Formaci\u00f3n Plan de Convivencia Biling\u00fcismo Erasmus Plan de Transformaci\u00f3n Digital Educativa (TDE) Plan de Igualdad Forma Joven Comunica\" \/>\n<meta property=\"og:url\" content=\"https:\/\/iesjuandemairena.org\/index.php\/planes-y-proyectos-2\/\" \/>\n<meta property=\"og:site_name\" content=\"IES Juan de Mairena\" \/>\n<meta property=\"article:modified_time\" content=\"2020-11-26T19:52:34+00:00\" \/>\n<meta name=\"twitter:card\" content=\"summary_large_image\" \/>\n<meta name=\"twitter:label1\" content=\"Tiempo de lectura\">\n\t<meta name=\"twitter:data1\" content=\"0 minutos\">\n<script type=\"application\/ld+json\" class=\"yoast-schema-graph\">{\"@context\":\"https:\/\/schema.org\",\"@graph\":[{\"@type\":\"WebSite\",\"@id\":\"https:\/\/iesjuandemairena.org\/#website\",\"url\":\"https:\/\/iesjuandemairena.org\/\",\"name\":\"IES Juan de Mairena\",\"description\":\"Mairena del Aljarafe (Sevilla)\",\"potentialAction\":[{\"@type\":\"SearchAction\",\"target\":\"https:\/\/iesjuandemairena.org\/?s={search_term_string}\",\"query-input\":\"required name=search_term_string\"}],\"inLanguage\":\"es\"},{\"@type\":\"WebPage\",\"@id\":\"https:\/\/iesjuandemairena.org\/index.php\/planes-y-proyectos-2\/#webpage\",\"url\":\"https:\/\/iesjuandemairena.org\/index.php\/planes-y-proyectos-2\/\",\"name\":\"Planes y Proyectos - IES Juan de Mairena\",\"isPartOf\":{\"@id\":\"https:\/\/iesjuandemairena.org\/#website\"},\"datePublished\":\"2020-11-26T19:34:47+00:00\",\"dateModified\":\"2020-11-26T19:52:34+00:00\",\"inLanguage\":\"es\",\"potentialAction\":[{\"@type\":\"ReadAction\",\"target\":[\"https:\/\/iesjuandemairena.org\/index.php\/planes-y-proyectos-2\/\"]}]}]}<\/script>\n<!-- \/ Yoast SEO plugin. -->","_links":{"self":[{"href":"https:\/\/iesjuandemairena.org\/index.php\/wp-json\/wp\/v2\/pages\/9988"}],"collection":[{"href":"https:\/\/iesjuandemairena.org\/index.php\/wp-json\/wp\/v2\/pages"}],"about":[{"href":"https:\/\/iesjuandemairena.org\/index.php\/wp-json\/wp\/v2\/types\/page"}],"author":[{"embeddable":true,"href":"https:\/\/iesjuandemairena.org\/index.php\/wp-json\/wp\/v2\/users\/1"}],"replies":[{"embeddable":true,"href":"https:\/\/iesjuandemairena.org\/index.php\/wp-json\/wp\/v2\/comments?post=9988"}],"version-history":[{"count":2,"href":"https:\/\/iesjuandemairena.org\/index.php\/wp-json\/wp\/v2\/pages\/9988\/revisions"}],"predecessor-version":[{"id":11346,"href":"https:\/\/iesjuandemairena.org\/index.php\/wp-json\/wp\/v2\/pages\/9988\/revisions\/11346"}],"wp:attachment":[{"href":"https:\/\/iesjuandemairena.org\/index.php\/wp-json\/wp\/v2\/media?parent=9988"}],"curies":[{"name":"wp","href":"https:\/\/api.w.org\/{rel}","templated":true}]}}